{"id":2125,"date":"2022-10-28T23:00:07","date_gmt":"2022-10-28T20:00:07","guid":{"rendered":"https:\/\/activelife.ee\/?page_id=2125"},"modified":"2026-02-22T13:14:52","modified_gmt":"2026-02-22T11:14:52","slug":"mida-teha-saaremaal","status":"publish","type":"page","link":"https:\/\/activelife.ee\/en\/","title":{"rendered":"What to do in Saaremaa?"},"content":{"rendered":"<div class=\"wp-block-group\"><div class=\"wp-block-group__inner-container is-layout-flow wp-block-group-is-layout-flow\">\n<div class=\"wp-block-columns is-layout-flex wp-container-core-columns-is-layout-9d6595d7 wp-block-columns-is-layout-flex\">\n<div class=\"wp-block-column is-layout-flow wp-block-column-is-layout-flow\" style=\"flex-basis:100%\">\n<figure class=\"wp-block-gallery has-nested-images columns-default is-cropped wp-block-gallery-1 is-layout-flex wp-block-gallery-is-layout-flex\">\n<figure class=\"wp-block-image size-full is-style-default\"><a href=\"https:\/\/activelife.ee\/en\/angla\/\"><img loading=\"lazy\" decoding=\"async\" width=\"512\" height=\"512\" data-id=\"2321\" src=\"https:\/\/activelife.ee\/wp-content\/uploads\/2022\/10\/cropped-20220625_111720-scaled-1.jpg\" alt=\"\" class=\"wp-image-2321\" srcset=\"https:\/\/activelife.ee\/wp-content\/uploads\/2022\/10\/cropped-20220625_111720-scaled-1.jpg 512w, https:\/\/activelife.ee\/wp-content\/uploads\/2022\/10\/cropped-20220625_111720-scaled-1-300x300.jpg 300w, https:\/\/activelife.ee\/wp-content\/uploads\/2022\/10\/cropped-20220625_111720-scaled-1-150x150.jpg 150w, https:\/\/activelife.ee\/wp-content\/uploads\/2022\/10\/cropped-20220625_111720-scaled-1-12x12.jpg 12w, https:\/\/activelife.ee\/wp-content\/uploads\/2022\/10\/cropped-20220625_111720-scaled-1-270x270.jpg 270w, https:\/\/activelife.ee\/wp-content\/uploads\/2022\/10\/cropped-20220625_111720-scaled-1-192x192.jpg 192w, https:\/\/activelife.ee\/wp-content\/uploads\/2022\/10\/cropped-20220625_111720-scaled-1-180x180.jpg 180w, https:\/\/activelife.ee\/wp-content\/uploads\/2022\/10\/cropped-20220625_111720-scaled-1-32x32.jpg 32w\" sizes=\"auto, (max-width: 512px) 100vw, 512px\" \/><\/a><figcaption class=\"wp-element-caption\"><a href=\"https:\/\/activelife.ee\/en\/angla\/\"><strong>Kaali-Angla-Panga<\/strong><\/a><\/figcaption><\/figure>\n\n\n\n<figure class=\"wp-block-image size-large is-style-default\"><a href=\"https:\/\/activelife.ee\/en\/sorve\/\"><img loading=\"lazy\" decoding=\"async\" width=\"2560\" height=\"1152\" data-id=\"2599\" src=\"https:\/\/activelife.ee\/wp-content\/uploads\/2024\/03\/20210627_150351-edited-scaled.jpg\" alt=\"\" class=\"wp-image-2599\" srcset=\"https:\/\/activelife.ee\/wp-content\/uploads\/2024\/03\/20210627_150351-edited-scaled.jpg 2560w, https:\/\/activelife.ee\/wp-content\/uploads\/2024\/03\/20210627_150351-edited-300x135.jpg 300w, https:\/\/activelife.ee\/wp-content\/uploads\/2024\/03\/20210627_150351-edited-1024x461.jpg 1024w, https:\/\/activelife.ee\/wp-content\/uploads\/2024\/03\/20210627_150351-edited-768x346.jpg 768w, https:\/\/activelife.ee\/wp-content\/uploads\/2024\/03\/20210627_150351-edited-1536x691.jpg 1536w, https:\/\/activelife.ee\/wp-content\/uploads\/2024\/03\/20210627_150351-edited-2048x922.jpg 2048w, https:\/\/activelife.ee\/wp-content\/uploads\/2024\/03\/20210627_150351-edited-18x8.jpg 18w\" sizes=\"auto, (max-width: 2560px) 100vw, 2560px\" \/><\/a><figcaption class=\"wp-element-caption\"><a href=\"https:\/\/activelife.ee\/en\/sorve\/\"><strong>S\u00f5rve peninsula<\/strong><\/a><\/figcaption><\/figure>\n\n\n\n<figure class=\"wp-block-image size-large is-style-default\"><img loading=\"lazy\" decoding=\"async\" width=\"1024\" height=\"768\" data-id=\"2788\" src=\"https:\/\/activelife.ee\/wp-content\/uploads\/2026\/02\/20231015_154051-scaled-1-1024x768.jpg\" alt=\"\" class=\"wp-image-2788\" srcset=\"https:\/\/activelife.ee\/wp-content\/uploads\/2026\/02\/20231015_154051-scaled-1-1024x768.jpg 1024w, https:\/\/activelife.ee\/wp-content\/uploads\/2026\/02\/20231015_154051-scaled-1-300x225.jpg 300w, https:\/\/activelife.ee\/wp-content\/uploads\/2026\/02\/20231015_154051-scaled-1-768x576.jpg 768w, https:\/\/activelife.ee\/wp-content\/uploads\/2026\/02\/20231015_154051-scaled-1-16x12.jpg 16w, https:\/\/activelife.ee\/wp-content\/uploads\/2026\/02\/20231015_154051-scaled-1-600x450.jpg 600w, https:\/\/activelife.ee\/wp-content\/uploads\/2026\/02\/20231015_154051-scaled-1.jpg 1200w\" sizes=\"auto, (max-width: 1024px) 100vw, 1024px\" \/><figcaption class=\"wp-element-caption\"><a href=\"https:\/\/activelife.ee\/en\/transfeer\/\" type=\"link\" id=\"https:\/\/activelife.ee\/transfeer\/\">Transfer<\/a><\/figcaption><\/figure>\n<\/figure>\n<\/div>\n<\/div>\n<\/div><\/div>","protected":false},"excerpt":{"rendered":"","protected":false},"author":1,"featured_media":0,"parent":0,"menu_order":0,"comment_status":"closed","ping_status":"closed","template":"","meta":{"two_page_speed":[],"footnotes":""},"class_list":["post-2125","page","type-page","status-publish","hentry"],"yoast_head":"<!-- This site is optimized with the Yoast SEO plugin v27.3 - https:\/\/yoast.com\/product\/yoast-seo-wordpress\/ -->\n<title>Mida teha Saaremaal? | Active Life<\/title>\n<meta name=\"description\" content=\"Avasta Saaremaa p\u00f5nevaid paiku \u00fchep\u00e4evaste ringreisidega! S\u00f5idame v\u00e4lja v\u00e4ikestes gruppides, kahe kuni kaheksa inimesega. Uuri l\u00e4hemalt!\" \/>\n<meta name=\"robots\" content=\"index, follow, max-snippet:-1, max-image-preview:large, max-video-preview:-1\" \/>\n<link rel=\"canonical\" href=\"https:\/\/activelife.ee\/en\/\" \/>\n<meta property=\"og:locale\" content=\"en_GB\" \/>\n<meta property=\"og:type\" content=\"article\" \/>\n<meta property=\"og:title\" content=\"Active Life\" \/>\n<meta property=\"og:description\" content=\"Avasta Saaremaa p\u00f5nevaid paiku \u00fchep\u00e4evaste ringreisidega! S\u00f5idame v\u00e4lja v\u00e4ikestes gruppides, kahe kuni kaheksa inimesega. Uuri l\u00e4hemalt!\" \/>\n<meta property=\"og:url\" content=\"https:\/\/activelife.ee\/en\/\" \/>\n<meta property=\"og:site_name\" content=\"Active Life\" \/>\n<meta property=\"article:publisher\" content=\"https:\/\/www.facebook.com\/activelifetours\" \/>\n<meta property=\"article:modified_time\" content=\"2026-02-22T11:14:52+00:00\" \/>\n<meta property=\"og:image\" content=\"https:\/\/activelife.ee\/wp-content\/uploads\/2022\/02\/cropped-cropped-20210627_150351-scaled-1-1.jpg\" \/>\n\t<meta property=\"og:image:width\" content=\"1200\" \/>\n\t<meta property=\"og:image:height\" content=\"527\" \/>\n\t<meta property=\"og:image:type\" content=\"image\/jpeg\" \/>\n<meta name=\"twitter:card\" content=\"summary_large_image\" \/>\n<meta name=\"twitter:site\" content=\"@ActiveLifeTours\" \/>\n<meta name=\"twitter:label1\" content=\"Estimated reading time\" \/>\n\t<meta name=\"twitter:data1\" content=\"1 minute\" \/>\n<script type=\"application\/ld+json\" class=\"yoast-schema-graph\">{\"@context\":\"https:\\\/\\\/schema.org\",\"@graph\":[{\"@type\":\"WebPage\",\"@id\":\"https:\\\/\\\/activelife.ee\\\/\",\"url\":\"https:\\\/\\\/activelife.ee\\\/\",\"name\":\"Mida teha Saaremaal? | Active Life\",\"isPartOf\":{\"@id\":\"https:\\\/\\\/activelife.ee\\\/#website\"},\"primaryImageOfPage\":{\"@id\":\"https:\\\/\\\/activelife.ee\\\/#primaryimage\"},\"image\":{\"@id\":\"https:\\\/\\\/activelife.ee\\\/#primaryimage\"},\"thumbnailUrl\":\"https:\\\/\\\/activelife.ee\\\/wp-content\\\/uploads\\\/2022\\\/10\\\/cropped-20220625_111720-scaled-1.jpg\",\"datePublished\":\"2022-10-28T20:00:07+00:00\",\"dateModified\":\"2026-02-22T11:14:52+00:00\",\"description\":\"Avasta Saaremaa p\u00f5nevaid paiku \u00fchep\u00e4evaste ringreisidega! S\u00f5idame v\u00e4lja v\u00e4ikestes gruppides, kahe kuni kaheksa inimesega. Uuri l\u00e4hemalt!\",\"breadcrumb\":{\"@id\":\"https:\\\/\\\/activelife.ee\\\/#breadcrumb\"},\"inLanguage\":\"en-GB\",\"potentialAction\":[{\"@type\":\"ReadAction\",\"target\":[\"https:\\\/\\\/activelife.ee\\\/\"]}]},{\"@type\":\"ImageObject\",\"inLanguage\":\"en-GB\",\"@id\":\"https:\\\/\\\/activelife.ee\\\/#primaryimage\",\"url\":\"https:\\\/\\\/activelife.ee\\\/wp-content\\\/uploads\\\/2022\\\/10\\\/cropped-20220625_111720-scaled-1.jpg\",\"contentUrl\":\"https:\\\/\\\/activelife.ee\\\/wp-content\\\/uploads\\\/2022\\\/10\\\/cropped-20220625_111720-scaled-1.jpg\"},{\"@type\":\"BreadcrumbList\",\"@id\":\"https:\\\/\\\/activelife.ee\\\/#breadcrumb\",\"itemListElement\":[{\"@type\":\"ListItem\",\"position\":1,\"name\":\"Home\",\"item\":\"https:\\\/\\\/activelife.ee\\\/\"},{\"@type\":\"ListItem\",\"position\":2,\"name\":\"Mida teha Saaremaal?\"}]},{\"@type\":\"WebSite\",\"@id\":\"https:\\\/\\\/activelife.ee\\\/#website\",\"url\":\"https:\\\/\\\/activelife.ee\\\/\",\"name\":\"Active Life\",\"description\":\"\",\"publisher\":{\"@id\":\"https:\\\/\\\/activelife.ee\\\/#organization\"},\"potentialAction\":[{\"@type\":\"SearchAction\",\"target\":{\"@type\":\"EntryPoint\",\"urlTemplate\":\"https:\\\/\\\/activelife.ee\\\/?s={search_term_string}\"},\"query-input\":{\"@type\":\"PropertyValueSpecification\",\"valueRequired\":true,\"valueName\":\"search_term_string\"}}],\"inLanguage\":\"en-GB\"},{\"@type\":\"Organization\",\"@id\":\"https:\\\/\\\/activelife.ee\\\/#organization\",\"name\":\"Active Life\",\"url\":\"https:\\\/\\\/activelife.ee\\\/\",\"logo\":{\"@type\":\"ImageObject\",\"inLanguage\":\"en-GB\",\"@id\":\"https:\\\/\\\/activelife.ee\\\/#\\\/schema\\\/logo\\\/image\\\/\",\"url\":\"https:\\\/\\\/activelife.ee\\\/wp-content\\\/uploads\\\/2017\\\/03\\\/Logo_L.png\",\"contentUrl\":\"https:\\\/\\\/activelife.ee\\\/wp-content\\\/uploads\\\/2017\\\/03\\\/Logo_L.png\",\"width\":360,\"height\":60,\"caption\":\"Active Life\"},\"image\":{\"@id\":\"https:\\\/\\\/activelife.ee\\\/#\\\/schema\\\/logo\\\/image\\\/\"},\"sameAs\":[\"https:\\\/\\\/www.facebook.com\\\/activelifetours\",\"https:\\\/\\\/x.com\\\/ActiveLifeTours\",\"https:\\\/\\\/www.instagram.com\\\/saaremaadaytours\\\/\"]}]}<\/script>\n<!-- \/ Yoast SEO plugin. -->","yoast_head_json":{"title":"Mida teha Saaremaal? | Active Life","description":"Avasta Saaremaa p\u00f5nevaid paiku \u00fchep\u00e4evaste ringreisidega! S\u00f5idame v\u00e4lja v\u00e4ikestes gruppides, kahe kuni kaheksa inimesega. Uuri l\u00e4hemalt!","robots":{"index":"index","follow":"follow","max-snippet":"max-snippet:-1","max-image-preview":"max-image-preview:large","max-video-preview":"max-video-preview:-1"},"canonical":"https:\/\/activelife.ee\/en\/","og_locale":"en_GB","og_type":"article","og_title":"Active Life","og_description":"Avasta Saaremaa p\u00f5nevaid paiku \u00fchep\u00e4evaste ringreisidega! S\u00f5idame v\u00e4lja v\u00e4ikestes gruppides, kahe kuni kaheksa inimesega. Uuri l\u00e4hemalt!","og_url":"https:\/\/activelife.ee\/en\/","og_site_name":"Active Life","article_publisher":"https:\/\/www.facebook.com\/activelifetours","article_modified_time":"2026-02-22T11:14:52+00:00","og_image":[{"width":1200,"height":527,"url":"https:\/\/activelife.ee\/wp-content\/uploads\/2022\/02\/cropped-cropped-20210627_150351-scaled-1-1.jpg","type":"image\/jpeg"}],"twitter_card":"summary_large_image","twitter_site":"@ActiveLifeTours","twitter_misc":{"Estimated reading time":"1 minute"},"schema":{"@context":"https:\/\/schema.org","@graph":[{"@type":"WebPage","@id":"https:\/\/activelife.ee\/","url":"https:\/\/activelife.ee\/","name":"Mida teha Saaremaal? | Active Life","isPartOf":{"@id":"https:\/\/activelife.ee\/#website"},"primaryImageOfPage":{"@id":"https:\/\/activelife.ee\/#primaryimage"},"image":{"@id":"https:\/\/activelife.ee\/#primaryimage"},"thumbnailUrl":"https:\/\/activelife.ee\/wp-content\/uploads\/2022\/10\/cropped-20220625_111720-scaled-1.jpg","datePublished":"2022-10-28T20:00:07+00:00","dateModified":"2026-02-22T11:14:52+00:00","description":"Avasta Saaremaa p\u00f5nevaid paiku \u00fchep\u00e4evaste ringreisidega! S\u00f5idame v\u00e4lja v\u00e4ikestes gruppides, kahe kuni kaheksa inimesega. Uuri l\u00e4hemalt!","breadcrumb":{"@id":"https:\/\/activelife.ee\/#breadcrumb"},"inLanguage":"en-GB","potentialAction":[{"@type":"ReadAction","target":["https:\/\/activelife.ee\/"]}]},{"@type":"ImageObject","inLanguage":"en-GB","@id":"https:\/\/activelife.ee\/#primaryimage","url":"https:\/\/activelife.ee\/wp-content\/uploads\/2022\/10\/cropped-20220625_111720-scaled-1.jpg","contentUrl":"https:\/\/activelife.ee\/wp-content\/uploads\/2022\/10\/cropped-20220625_111720-scaled-1.jpg"},{"@type":"BreadcrumbList","@id":"https:\/\/activelife.ee\/#breadcrumb","itemListElement":[{"@type":"ListItem","position":1,"name":"Home","item":"https:\/\/activelife.ee\/"},{"@type":"ListItem","position":2,"name":"Mida teha Saaremaal?"}]},{"@type":"WebSite","@id":"https:\/\/activelife.ee\/#website","url":"https:\/\/activelife.ee\/","name":"Active Life","description":"","publisher":{"@id":"https:\/\/activelife.ee\/#organization"},"potentialAction":[{"@type":"SearchAction","target":{"@type":"EntryPoint","urlTemplate":"https:\/\/activelife.ee\/?s={search_term_string}"},"query-input":{"@type":"PropertyValueSpecification","valueRequired":true,"valueName":"search_term_string"}}],"inLanguage":"en-GB"},{"@type":"Organization","@id":"https:\/\/activelife.ee\/#organization","name":"Active Life","url":"https:\/\/activelife.ee\/","logo":{"@type":"ImageObject","inLanguage":"en-GB","@id":"https:\/\/activelife.ee\/#\/schema\/logo\/image\/","url":"https:\/\/activelife.ee\/wp-content\/uploads\/2017\/03\/Logo_L.png","contentUrl":"https:\/\/activelife.ee\/wp-content\/uploads\/2017\/03\/Logo_L.png","width":360,"height":60,"caption":"Active Life"},"image":{"@id":"https:\/\/activelife.ee\/#\/schema\/logo\/image\/"},"sameAs":["https:\/\/www.facebook.com\/activelifetours","https:\/\/x.com\/ActiveLifeTours","https:\/\/www.instagram.com\/saaremaadaytours\/"]}]}},"jetpack_sharing_enabled":true,"_links":{"self":[{"href":"https:\/\/activelife.ee\/en\/wp-json\/wp\/v2\/pages\/2125","targetHints":{"allow":["GET"]}}],"collection":[{"href":"https:\/\/activelife.ee\/en\/wp-json\/wp\/v2\/pages"}],"about":[{"href":"https:\/\/activelife.ee\/en\/wp-json\/wp\/v2\/types\/page"}],"author":[{"embeddable":true,"href":"https:\/\/activelife.ee\/en\/wp-json\/wp\/v2\/users\/1"}],"replies":[{"embeddable":true,"href":"https:\/\/activelife.ee\/en\/wp-json\/wp\/v2\/comments?post=2125"}],"version-history":[{"count":5,"href":"https:\/\/activelife.ee\/en\/wp-json\/wp\/v2\/pages\/2125\/revisions"}],"predecessor-version":[{"id":2790,"href":"https:\/\/activelife.ee\/en\/wp-json\/wp\/v2\/pages\/2125\/revisions\/2790"}],"wp:attachment":[{"href":"https:\/\/activelife.ee\/en\/wp-json\/wp\/v2\/media?parent=2125"}],"curies":[{"name":"wp","href":"https:\/\/api.w.org\/{rel}","templated":true}]}}