{"id":1331,"date":"2019-02-25T13:40:34","date_gmt":"2019-02-25T11:40:34","guid":{"rendered":"https:\/\/activelife.ee\/?page_id=1331"},"modified":"2026-02-22T15:43:53","modified_gmt":"2026-02-22T13:43:53","slug":"booking","status":"publish","type":"page","link":"https:\/\/activelife.ee\/en\/booking\/","title":{"rendered":"Booking"},"content":{"rendered":"\t\t<form id=\"bookacti-form-8-1338801616\" class=\"bookacti-booking-form bookacti-booking-form-8 \" autocomplete=\"off\" >\n\t\t\t\t<input type='hidden' name='form_id' value='8'\/>\n\t\t\t<input type='hidden' name='action' value='bookactiSubmitBookingForm'\/>\n\t\t\t<div class='bookacti-form-field-container bookacti-form-field-name-calendar bookacti-form-field-type-calendar bookacti-form-field-id-30' id='bookacti-form-field-calendar-30-form-8-1338801616' data-field-name=\"calendar\" data-field-type=\"calendar\" data-field-id=\"30\">\n\t\t\t<div class='bookacti-form-field-content' >\n\t\t\n\t<div class='bookacti-booking-system-container' id='bookacti-booking-system-form-8-1338801616-container'>\n\t\t<script>\n\t\t\t\/\/ Compatibility with Optimization plugins\n\t\t\tif( typeof bookacti === 'undefined' ) { var bookacti = { booking_system:[] }; }\n\t\t\tbookacti.booking_system[ 'bookacti-booking-system-form-8-1338801616' ] = {\"events\":[],\"events_data\":[],\"events_interval\":{\"start\":\"2026-04-13 15:54:50\",\"end\":\"2026-04-13 15:54:50\"},\"events_min_interval\":[],\"bookings\":[],\"groups_bookings\":[],\"booking_lists\":[],\"activities_data\":[],\"groups_events\":[],\"groups_data\":[],\"group_categories_data\":[],\"no_events\":0,\"id\":\"bookacti-booking-system-form-8-1338801616\",\"class\":\"\",\"hide_availability\":100,\"hide_calendar\":[\"none\"],\"calendars\":[3],\"activities\":[12,18,11],\"group_categories\":[\"none\"],\"groups_only\":0,\"groups_single_events\":0,\"groups_first_event_only\":0,\"multiple_bookings\":0,\"bookings_only\":0,\"tooltip_booking_list\":0,\"tooltip_booking_list_columns\":[],\"status\":[],\"user_id\":[],\"method\":\"calendar\",\"auto_load\":0,\"display_period\":{\"start\":\"2026-04-13 16:54:50\",\"end\":\"2026-08-31 23:59:59\"},\"availability_period\":{\"start\":\"2026-04-13 16:54:50\",\"end\":\"2026-08-31 23:59:59\"},\"start\":\"2026-04-13 16:54:50\",\"end\":\"2026-08-31 23:59:59\",\"trim\":1,\"out_of_period_events\":0,\"past_events\":0,\"past_events_bookable\":0,\"use_global_days_off\":0,\"days_off\":[],\"check_roles\":1,\"picked_events\":[],\"form_id\":8,\"form_action\":\"default\",\"when_perform_form_action\":\"on_submit\",\"select_first_event\":0,\"redirect_url_by_activity\":[],\"redirect_url_by_group_category\":[],\"display_data\":{\"slotMinTime\":\"09:00\",\"slotMaxTime\":\"21:00\"},\"context\":\"\",\"custom_dataset\":\"\"};\n\t\t<\/script>\n\t\t\t\t\n\t\t<div class='bookacti-booking-system-inputs'>\n\t\t\t\t\t<\/div>\n\t\t\n\t\t\t\t\n\t\t<div id='bookacti-booking-system-form-8-1338801616' class='bookacti-booking-system '>\n\t\t\t\t\t<div class='bookacti-calendar-title bookacti-booking-system-title '>\n\t\t\tVali kalendrist sobiv s\u00fcndmus ja t\u00e4ida allolevad v\u00e4ljad\t\t<\/div>\n\t\t<div class='bookacti-calendar '><\/div>\n\t\t\t<\/div>\n\t\t\n\t\t\t\t\n\t\t<div class='bookacti-picked-events' style='display:none;'>\n\t\t\t<div class='bookacti-picked-events-list-title'><\/div>\n\t\t\t<ul class='bookacti-picked-events-list bookacti-custom-scrollbar'>\n\t\t\t\t\t\t\t<\/ul>\n\t\t<\/div>\n\t\t\n\t\t<div class='bookacti-notices' style='display:none;'>\n\t\t\t\t\t<\/div>\n\t\t\n\t\t<div class='bookacti-tooltips-container'>\n\t\t\t\t\t<\/div>\n\t\t\n\t\t\t<\/div>\n\t<div id='bookacti-booking-system-form-8-1338801616-dialogs' class='bookacti-booking-system-dialogs'>\n\t\t\t<!-- Choose a group of events -->\n\t<div id='bookacti-booking-system-form-8-1338801616-choose-group-of-events-dialog' \n\t\t data-booking-system-id='bookacti-booking-system-form-8-1338801616' \n\t\t class='bookacti-backend-dialog bookacti-choose-group-of-events-dialog bookacti-booking-system-dialog' \n\t\t title='This event is available in several bundles' \n\t\t style='display:none;' >\n\t\tWhich group of events do you want to pick?\t\t<div id='bookacti-booking-system-form-8-1338801616-groups-of-events-list' class='bookacti-groups-of-events-list' ><\/div>\n\t<\/div>\n\n\t\t<\/div>\n\t\t\t<\/div>\n\t<\/div>\n\t<div class='bookacti-form-field-container bookacti-form-field-name-quantity bookacti-form-field-type-quantity bookacti-form-field-id-32' id='bookacti-form-field-quantity-32-form-8-1338801616' data-field-name=\"quantity\" data-field-type=\"quantity\" data-field-id=\"32\">\n\t\t\t<div class='bookacti-form-field-label' >\n\t\t\t<label>\n\t\t\tInimeste arv<span class=\"bookacti-required-field-indicator\" title=\"Required field\"><\/span>\t\t\t<\/label>\n\t\t\t\t<\/div>\n\t\t\t<div class='bookacti-form-field-content' >\n\t\t\t\t<input type='number' \r\n\t\t\t\tname='quantity' \r\n\t\t\t\tvalue='1' \r\n\t\t\t\tautocomplete='off'\r\n\t\t\t\tid='07cf9f8bb7469688bfc5eb875db14284' \r\n\t\t\t\tclass='bookacti-input bookacti-form-field bookacti-quantity' \r\n\t\t\t\t\t\t\tplaceholder='' \r\n\t\t\t\t\t\t\tmin='1' \r\n\t\t\t\tmax=''\r\n\t\t\t\tstep=''\r\n\t\t\t\t\t\/>\r\n\t\t\t<\/div>\n\t<\/div>\n\t<div class='bookacti-form-field-container bookacti-form-field-name-login bookacti-form-field-type-login bookacti-form-field-id-59 bookacti-has-login-button bookacti-user-is-not-logged-in' id='bookacti-form-field-login-59-form-8-1338801616' data-field-name=\"login\" data-field-type=\"login\" data-field-id=\"59\">\r\n\t\t\t\t<div class='bookacti-form-field-login-field-container bookacti-login-field-login-type bookacti-custom-radio-button-container bookacti-login-types-hidden' data-field-name='login_type'>\r\n\t\t\t\t\t\t<div class='bookacti-login-type-container bookacti-custom-radio-button bookacti-login-type-no_account' data-separator='or'>\r\n\t\t\t\t\t<input type='radio' name='login_type' value='no_account' id='bookacti-form-8-1338801616-login-type-no_account' required  checked='checked'\/>\r\n\t\t\t\t\t<label for='bookacti-form-8-1338801616-login-type-no_account' \r\n\t\t\t\t\t\t   \r\n\t\t\t\t\t>\r\n\t\t\t\t\tBook without account\t\t\t\t\t<\/label>\r\n\t\t\t\t<\/div>\r\n\t\t\t\t\t\t\t<\/div>\r\n\t\t\t\t<div class='bookacti-user-data-fields'>\r\n\t\t\t<div class='bookacti-log-in-fields'>\r\n\t\t\t\t\t\t\t\t<div class='bookacti-form-field-login-field-container bookacti-login-field-email' id='bookacti-form-field-login-59-form-8-1338801616-email-container' data-field-name='email' data-field-type='email'>\r\n\t\t\t\t\t<div class='bookacti-form-field-label' >\r\n\t\t\t\t\t\t<label for='bookacti-form-field-login-59-form-8-1338801616-email' >\r\n\t\t\t\t\t\t\tEmail\t\t\t\t\t\t\t<span class='bookacti-required-field-indicator' title='Required field'><\/span>\r\n\t\t\t\t\t\t<\/label>\r\n\t\t\t\t\t\t\t\t\t\t<\/div>\r\n\t\t\t\t\t<div class='bookacti-form-field-content' >\r\n\t\t\t\t\t\t\t<input type='text' \r\n\t\t\t\tname='email' \r\n\t\t\t\tvalue='' \r\n\t\t\t\tautocomplete='off'\r\n\t\t\t\tid='bookacti-form-field-login-59-form-8-1338801616-email' \r\n\t\t\t\tclass='bookacti-input bookacti-form-field bookacti-email bookacti-required-field' \r\n\t\t\t\t\t\t\tplaceholder='' \r\n\t\t\t required\t\t\/>\r\n\t\t\t\t\t\t<\/div>\r\n\t\t\t\t\t\t\t\t\t<\/div>\r\n\t\t\t\t<div class='bookacti-form-field-login-field-container bookacti-login-field-password ' id='bookacti-form-field-login-59-form-8-1338801616-password-container' data-field-name='password' data-field-type='password'>\r\n\t\t\t\t\t<div class='bookacti-form-field-label' >\r\n\t\t\t\t\t\t<label for='bookacti-form-field-login-59-form-8-1338801616-password' >\r\n\t\t\t\t\t\t\tPassword\t\t\t\t\t\t\t<span class='bookacti-required-field-indicator' title='Required field'><\/span>\r\n\t\t\t\t\t\t<\/label>\r\n\t\t\t\t\t\t\t\t\t\t<\/div>\r\n\t\t\t\t\t<div class='bookacti-form-field-content' >\r\n\t\t\t\t\t\t\t<input type='password' \r\n\t\t\t\tname='password' \r\n\t\t\t\tvalue='' \r\n\t\t\t\tautocomplete='off'\r\n\t\t\t\tid='bookacti-form-field-login-59-form-8-1338801616-password' \r\n\t\t\t\tclass='bookacti-input bookacti-form-field bookacti-password bookacti-required-field' \r\n\t\t\t\t\t\t\tplaceholder='' \r\n\t\t\t required\t\t\/>\r\n\t\t\t\t\t\t\t\t<div class='bookacti-password-strength' style='display:none;'>\r\n\t\t\t\t\t\t\t\t<span class='bookacti-password-strength-meter'><\/span>\r\n\t\t\t\t\t\t\t\t<input type='hidden' name='password_strength' class='bookacti-password_strength' value='0' min='4' \/>\r\n\t\t\t\t\t\t\t<\/div>\r\n\t\t\t\t\t\t\t\t\t\t\t\t<\/div>\r\n\t\t\t\t\t\t\t\t\t<\/div>\r\n\t\t\t\t\t\t\t<\/div>\r\n\t\t\t\t\t\t\t\t<div class='bookacti-register-fields' id='bookacti-form-field-login-59-form-8-1338801616-register-fields' style='display:none;' >\r\n\t\t\t\t\t\t\t\t\t\t\t\t\t\t<div class='bookacti-form-field-login-field-container bookacti-login-field-phone' id='bookacti-form-field-login-59-form-8-1338801616-phone-container' data-field-name='phone' data-field-type='tel'>\r\n\t\t\t\t\t\t\t\t\t\t\t\t\t\t\t\t\t\t\t<div class='bookacti-form-field-label' >\r\n\t\t\t\t\t\t\t\t\t\t\t<label for='bookacti-form-field-login-59-form-8-1338801616-phone' >\r\n\t\t\t\t\t\t\t\t\t\t\tTelefon\t\t\t\t\t\t\t\t\t\t\t<\/label>\r\n\t\t\t\t\t\t\t\t\t\t\t\t\t\t\t\t\t\t\t\t<\/div>\r\n\t\t\t\t\t\t\t\t\t\t\t\t\t\t\t\t\t\t<div class='bookacti-form-field-content' >\r\n\t\t\t\t\t\t\t\t\t\t\t<input type='tel' \r\n\t\t\t\tname='phone' \r\n\t\t\t\tvalue='' \r\n\t\t\t\tautocomplete='off'\r\n\t\t\t\tid='bookacti-form-field-login-59-form-8-1338801616-phone' \r\n\t\t\t\tclass='bookacti-input bookacti-form-field bookacti-phone' \r\n\t\t\t\t\t\t\tplaceholder='' \r\n\t\t\t\t\t\/>\r\n\t\t\t\t\t\t\t\t\t\t<\/div>\r\n\t\t\t\t\t\t\t\t\t\t\t\t\t\t\t\t\t<\/div>\r\n\t\t\t\t\t\t\t\t<div class='bookacti-form-field-container bookacti-form-field-name-accommodation bookacti-form-field-type-text bookacti-form-field-id-60  baaf-custom-field' id='bookacti-form-field-text-60-form-8-1338801616' data-field-name=\"accommodation\" data-field-type=\"text\" data-field-id=\"60\">\n\t\t\t<div class='bookacti-form-field-label' >\n\t\t\t<label>\n\t\t\tMajutus\t\t\t<\/label>\n\t\t\t\t<\/div>\n\t\t\t<div class='bookacti-form-field-content' >\n\t\t\t\t<input type='text' \r\n\t\t\t\tname='accommodation' \r\n\t\t\t\tvalue='' \r\n\t\t\t\tautocomplete='off'\r\n\t\t\t\tid='6346cd93847b962d3a8ca07b06cd350d' \r\n\t\t\t\tclass='bookacti-input bookacti-form-field   baaf-custom-field' \r\n\t\t\t\t\t\t\tplaceholder='' \r\n\t\t\t\t\t\/>\r\n\t\t\t<\/div>\n\t<\/div>\n\t\t\t\t\t<\/div>\r\n\t\t\t\t\t\t\t<div class='bookacti-form-field-login-field-container bookacti-login-field-submit-button' id='bookacti-form-field-login-59-form-8-1338801616-submit-button' style='display:none;'>\r\n\t\t\t\t<input type='button' value='Log in' class='bookacti-login-button button' data-login-label='Log in' data-register-label='Register'\/>\r\n\t\t\t<\/div>\r\n\t\t\t\t\t<\/div>\r\n\t<\/div>\r\n\t\t<div class='bookacti-form-field-container bookacti-form-field-name-free_text bookacti-form-field-type-free_text bookacti-form-field-id-34' id='bookacti-form-field-free_text-34-form-8-1338801616' data-field-name=\"free_text\" data-field-type=\"free_text\" data-field-id=\"34\">\n\t\t\t<div class='bookacti-form-field-content' >\n\t\t\t<div id='bookacti-form-field-free_text-34-form-8-1338801616' class='bookacti-form-free-text ' >\r\n\t<p><span style=\"color: #000000\">V\u00e4lja\u00f5idud algavad Saaremaa Veski parklast (P\u00e4rna tn 19, Kuressaare).<\/span><\/p>\n\t<\/div>\r\n\t\t\t<\/div>\n\t<\/div>\n\t<div class='bookacti-form-field-container bookacti-form-field-name-participants bookacti-form-field-type-participants bookacti-form-field-id-46' id='bookacti-form-field-participants-46-form-8-1338801616' data-participants-label='Osaleja #{nb}' data-participants-per-unit='1' data-field-name=\"participants\" data-field-type=\"participants\" data-field-id=\"46\">\n\t\t\t\t<fieldset class='baaf-participant-fieldset'>\n\t\t\t\t<legend>Osaleja #1<\/legend>\n\t\t\t\t\t<div class='bookacti-form-field-container bookacti-form-field-name-participantsname0 bookacti-form-field-type-text bookacti-form-field-id-47  baaf-custom-field' id='participants-0-name-324643884' data-field-name=\"participants[name][0]\" data-field-type=\"text\" data-field-id=\"47\">\n\t\t\t<div class='bookacti-form-field-content' >\n\t\t\t\t<input type='text' \r\n\t\t\t\tname='participants[name][0]' \r\n\t\t\t\tvalue='' \r\n\t\t\t\tautocomplete='off'\r\n\t\t\t\tid='participants-0-name-324643884' \r\n\t\t\t\tclass='bookacti-input bookacti-form-field   baaf-custom-field bookacti-required-field' \r\n\t\t\t\t\t\t\tplaceholder='Nimi' \r\n\t\t\t required\t\t\/>\r\n\t\t\t<\/div>\n\t<\/div>\n\t<div class='bookacti-form-field-container bookacti-form-field-name-participantsnationality0 bookacti-form-field-type-text bookacti-form-field-id-48  baaf-custom-field' id='participants-0-nationality-793127335' data-field-name=\"participants[nationality][0]\" data-field-type=\"text\" data-field-id=\"48\">\n\t\t\t<div class='bookacti-form-field-content' >\n\t\t\t\t<input type='text' \r\n\t\t\t\tname='participants[nationality][0]' \r\n\t\t\t\tvalue='' \r\n\t\t\t\tautocomplete='off'\r\n\t\t\t\tid='participants-0-nationality-793127335' \r\n\t\t\t\tclass='bookacti-input bookacti-form-field   baaf-custom-field bookacti-required-field' \r\n\t\t\t\t\t\t\tplaceholder='Rahvus' \r\n\t\t\t required\t\t\/>\r\n\t\t\t<\/div>\n\t<\/div>\n\t\t\t<\/fieldset>\n\t\t\t<\/div>\n\t\t<div class='bookacti-form-field-container bookacti-form-field-name-information bookacti-form-field-type-textarea bookacti-form-field-id-53 baaf-custom-field baaf-custom-field' id='bookacti-form-field-textarea-53-form-8-1338801616' data-field-name=\"information\" data-field-type=\"textarea\" data-field-id=\"53\">\n\t\t\t<div class='bookacti-form-field-label' >\n\t\t\t<label>\n\t\t\tLisainfo\t\t\t<\/label>\n\t\t\t\t<\/div>\n\t\t\t<div class='bookacti-form-field-content' >\n\t\t\t\t<textarea\t\r\n\t\t\tname='information' \r\n\t\t\tid='67ce248cd59d85d1bb401c4671225374' \r\n\t\t\tautocomplete='off'\r\n\t\t\tclass='bookacti-textarea bookacti-form-field  baaf-custom-field baaf-custom-field' \r\n\t\t\tplaceholder='Lisainfo'\r\n\t\t\t\t\t\t\t\t><\/textarea>\r\n\t\t\t<\/div>\n\t<\/div>\n\t<div class='bookacti-form-field-container bookacti-form-field-name-free_text bookacti-form-field-type-free_text bookacti-form-field-id-35' id='bookacti-form-field-free_text-35-form-8-1338801616' data-field-name=\"free_text\" data-field-type=\"free_text\" data-field-id=\"35\">\n\t\t\t<div class='bookacti-form-field-content' >\n\t\t\t<div id='bookacti-form-field-free_text-35-form-8-1338801616' class='bookacti-form-free-text ' >\r\n\t<p><span style=\"color: #000000\">Aktsepteerime sularaha ja kaardimakseid. Tasumine enne v\u00e4ljas\u00f5itu.<\/span><\/p>\n\t<\/div>\r\n\t\t\t<\/div>\n\t<\/div>\n\t<div class='bookacti-form-field-container bookacti-form-field-name-submit bookacti-form-field-type-submit bookacti-form-field-id-33' id='bookacti-form-field-submit-33-form-8-1338801616' data-field-name=\"submit\" data-field-type=\"submit\" data-field-id=\"33\">\r\n\t\t<input type='submit' class='bookacti-submit-form button' value='Broneeri'\/>\r\n\t\t<input type='button' class='bookacti-new-booking-button button' value='Alusta uut broneeringut' style='display:none;'\/>\r\n\t<\/div>\r\n\t\t\t\t<div class='bookacti-notices' style='display:none;'><\/div>\n\t\t\t<\/form>\n\t\n","protected":false},"excerpt":{"rendered":"","protected":false},"author":1,"featured_media":0,"parent":0,"menu_order":0,"comment_status":"closed","ping_status":"closed","template":"","meta":{"two_page_speed":null,"footnotes":""},"class_list":["post-1331","page","type-page","status-publish","hentry"],"yoast_head":"<!-- This site is optimized with the Yoast SEO plugin v27.3 - https:\/\/yoast.com\/product\/yoast-seo-wordpress\/ -->\n<title>Active Life | Broneerimine<\/title>\n<meta name=\"description\" content=\"Booking tours - Saaremaa Day Tours, broneerimine - Active Life\" \/>\n<meta name=\"robots\" content=\"index, follow, max-snippet:-1, max-image-preview:large, max-video-preview:-1\" \/>\n<link rel=\"canonical\" href=\"https:\/\/activelife.ee\/en\/booking\/\" \/>\n<meta property=\"og:locale\" content=\"en_GB\" \/>\n<meta property=\"og:type\" content=\"article\" \/>\n<meta property=\"og:title\" content=\"Active Life | Broneerimine\" \/>\n<meta property=\"og:description\" content=\"Booking tours - Saaremaa Day Tours, broneerimine - Active Life\" \/>\n<meta property=\"og:url\" content=\"https:\/\/activelife.ee\/en\/booking\/\" \/>\n<meta property=\"og:site_name\" content=\"Active Life\" \/>\n<meta property=\"article:publisher\" content=\"https:\/\/www.facebook.com\/activelifetours\" \/>\n<meta property=\"article:modified_time\" content=\"2026-02-22T13:43:53+00:00\" \/>\n<meta property=\"og:image\" content=\"https:\/\/activelife.ee\/wp-content\/uploads\/2018\/06\/IMG_20180623_151614-scaled.jpg\" \/>\n\t<meta property=\"og:image:width\" content=\"1920\" \/>\n\t<meta property=\"og:image:height\" content=\"2560\" \/>\n\t<meta property=\"og:image:type\" content=\"image\/jpeg\" \/>\n<meta name=\"twitter:card\" content=\"summary_large_image\" \/>\n<meta name=\"twitter:site\" content=\"@ActiveLifeTours\" \/>\n<meta name=\"twitter:label1\" content=\"Estimated reading time\" \/>\n\t<meta name=\"twitter:data1\" content=\"1 minute\" \/>\n<script type=\"application\/ld+json\" class=\"yoast-schema-graph\">{\"@context\":\"https:\\\/\\\/schema.org\",\"@graph\":[{\"@type\":\"WebPage\",\"@id\":\"https:\\\/\\\/activelife.ee\\\/booking\\\/\",\"url\":\"https:\\\/\\\/activelife.ee\\\/booking\\\/\",\"name\":\"Active Life | Broneerimine\",\"isPartOf\":{\"@id\":\"https:\\\/\\\/activelife.ee\\\/#website\"},\"datePublished\":\"2019-02-25T11:40:34+00:00\",\"dateModified\":\"2026-02-22T13:43:53+00:00\",\"description\":\"Booking tours - Saaremaa Day Tours, broneerimine - Active Life\",\"breadcrumb\":{\"@id\":\"https:\\\/\\\/activelife.ee\\\/booking\\\/#breadcrumb\"},\"inLanguage\":\"en-GB\",\"potentialAction\":[{\"@type\":\"ReadAction\",\"target\":[\"https:\\\/\\\/activelife.ee\\\/booking\\\/\"]}]},{\"@type\":\"BreadcrumbList\",\"@id\":\"https:\\\/\\\/activelife.ee\\\/booking\\\/#breadcrumb\",\"itemListElement\":[{\"@type\":\"ListItem\",\"position\":1,\"name\":\"Home\",\"item\":\"https:\\\/\\\/activelife.ee\\\/\"},{\"@type\":\"ListItem\",\"position\":2,\"name\":\"Broneerimine\"}]},{\"@type\":\"WebSite\",\"@id\":\"https:\\\/\\\/activelife.ee\\\/#website\",\"url\":\"https:\\\/\\\/activelife.ee\\\/\",\"name\":\"Active Life\",\"description\":\"\",\"publisher\":{\"@id\":\"https:\\\/\\\/activelife.ee\\\/#organization\"},\"potentialAction\":[{\"@type\":\"SearchAction\",\"target\":{\"@type\":\"EntryPoint\",\"urlTemplate\":\"https:\\\/\\\/activelife.ee\\\/?s={search_term_string}\"},\"query-input\":{\"@type\":\"PropertyValueSpecification\",\"valueRequired\":true,\"valueName\":\"search_term_string\"}}],\"inLanguage\":\"en-GB\"},{\"@type\":\"Organization\",\"@id\":\"https:\\\/\\\/activelife.ee\\\/#organization\",\"name\":\"Active Life\",\"url\":\"https:\\\/\\\/activelife.ee\\\/\",\"logo\":{\"@type\":\"ImageObject\",\"inLanguage\":\"en-GB\",\"@id\":\"https:\\\/\\\/activelife.ee\\\/#\\\/schema\\\/logo\\\/image\\\/\",\"url\":\"https:\\\/\\\/activelife.ee\\\/wp-content\\\/uploads\\\/2017\\\/03\\\/Logo_L.png\",\"contentUrl\":\"https:\\\/\\\/activelife.ee\\\/wp-content\\\/uploads\\\/2017\\\/03\\\/Logo_L.png\",\"width\":360,\"height\":60,\"caption\":\"Active Life\"},\"image\":{\"@id\":\"https:\\\/\\\/activelife.ee\\\/#\\\/schema\\\/logo\\\/image\\\/\"},\"sameAs\":[\"https:\\\/\\\/www.facebook.com\\\/activelifetours\",\"https:\\\/\\\/x.com\\\/ActiveLifeTours\",\"https:\\\/\\\/www.instagram.com\\\/saaremaadaytours\\\/\"]}]}<\/script>\n<!-- \/ Yoast SEO plugin. -->","yoast_head_json":{"title":"Active Life | Broneerimine","description":"Booking tours - Saaremaa Day Tours, broneerimine - Active Life","robots":{"index":"index","follow":"follow","max-snippet":"max-snippet:-1","max-image-preview":"max-image-preview:large","max-video-preview":"max-video-preview:-1"},"canonical":"https:\/\/activelife.ee\/en\/booking\/","og_locale":"en_GB","og_type":"article","og_title":"Active Life | Broneerimine","og_description":"Booking tours - Saaremaa Day Tours, broneerimine - Active Life","og_url":"https:\/\/activelife.ee\/en\/booking\/","og_site_name":"Active Life","article_publisher":"https:\/\/www.facebook.com\/activelifetours","article_modified_time":"2026-02-22T13:43:53+00:00","og_image":[{"width":1920,"height":2560,"url":"https:\/\/activelife.ee\/wp-content\/uploads\/2018\/06\/IMG_20180623_151614-scaled.jpg","type":"image\/jpeg"}],"twitter_card":"summary_large_image","twitter_site":"@ActiveLifeTours","twitter_misc":{"Estimated reading time":"1 minute"},"schema":{"@context":"https:\/\/schema.org","@graph":[{"@type":"WebPage","@id":"https:\/\/activelife.ee\/booking\/","url":"https:\/\/activelife.ee\/booking\/","name":"Active Life | Broneerimine","isPartOf":{"@id":"https:\/\/activelife.ee\/#website"},"datePublished":"2019-02-25T11:40:34+00:00","dateModified":"2026-02-22T13:43:53+00:00","description":"Booking tours - Saaremaa Day Tours, broneerimine - Active Life","breadcrumb":{"@id":"https:\/\/activelife.ee\/booking\/#breadcrumb"},"inLanguage":"en-GB","potentialAction":[{"@type":"ReadAction","target":["https:\/\/activelife.ee\/booking\/"]}]},{"@type":"BreadcrumbList","@id":"https:\/\/activelife.ee\/booking\/#breadcrumb","itemListElement":[{"@type":"ListItem","position":1,"name":"Home","item":"https:\/\/activelife.ee\/"},{"@type":"ListItem","position":2,"name":"Broneerimine"}]},{"@type":"WebSite","@id":"https:\/\/activelife.ee\/#website","url":"https:\/\/activelife.ee\/","name":"Active Life","description":"","publisher":{"@id":"https:\/\/activelife.ee\/#organization"},"potentialAction":[{"@type":"SearchAction","target":{"@type":"EntryPoint","urlTemplate":"https:\/\/activelife.ee\/?s={search_term_string}"},"query-input":{"@type":"PropertyValueSpecification","valueRequired":true,"valueName":"search_term_string"}}],"inLanguage":"en-GB"},{"@type":"Organization","@id":"https:\/\/activelife.ee\/#organization","name":"Active Life","url":"https:\/\/activelife.ee\/","logo":{"@type":"ImageObject","inLanguage":"en-GB","@id":"https:\/\/activelife.ee\/#\/schema\/logo\/image\/","url":"https:\/\/activelife.ee\/wp-content\/uploads\/2017\/03\/Logo_L.png","contentUrl":"https:\/\/activelife.ee\/wp-content\/uploads\/2017\/03\/Logo_L.png","width":360,"height":60,"caption":"Active Life"},"image":{"@id":"https:\/\/activelife.ee\/#\/schema\/logo\/image\/"},"sameAs":["https:\/\/www.facebook.com\/activelifetours","https:\/\/x.com\/ActiveLifeTours","https:\/\/www.instagram.com\/saaremaadaytours\/"]}]}},"jetpack_sharing_enabled":true,"_links":{"self":[{"href":"https:\/\/activelife.ee\/en\/wp-json\/wp\/v2\/pages\/1331","targetHints":{"allow":["GET"]}}],"collection":[{"href":"https:\/\/activelife.ee\/en\/wp-json\/wp\/v2\/pages"}],"about":[{"href":"https:\/\/activelife.ee\/en\/wp-json\/wp\/v2\/types\/page"}],"author":[{"embeddable":true,"href":"https:\/\/activelife.ee\/en\/wp-json\/wp\/v2\/users\/1"}],"replies":[{"embeddable":true,"href":"https:\/\/activelife.ee\/en\/wp-json\/wp\/v2\/comments?post=1331"}],"version-history":[{"count":5,"href":"https:\/\/activelife.ee\/en\/wp-json\/wp\/v2\/pages\/1331\/revisions"}],"predecessor-version":[{"id":2779,"href":"https:\/\/activelife.ee\/en\/wp-json\/wp\/v2\/pages\/1331\/revisions\/2779"}],"wp:attachment":[{"href":"https:\/\/activelife.ee\/en\/wp-json\/wp\/v2\/media?parent=1331"}],"curies":[{"name":"wp","href":"https:\/\/api.w.org\/{rel}","templated":true}]}}