{"id":1169,"date":"2019-01-26T22:46:57","date_gmt":"2019-01-26T20:46:57","guid":{"rendered":"https:\/\/activelife.ee\/?page_id=1169"},"modified":"2023-07-27T22:33:14","modified_gmt":"2023-07-27T19:33:14","slug":"saaremaalrattaga","status":"publish","type":"page","link":"https:\/\/activelife.ee\/en\/saaremaalrattaga\/","title":{"rendered":"Saaremaa by bike"},"content":{"rendered":"<h2 class=\"wp-block-heading\">S\u00f5rve bike tour<\/h2>\n\n\n\n<p class=\"has-black-color has-text-color has-medium-font-size\">You would like to visit Saaremaa by bike but the distances are too long? We offer transport for bikes and hikers. You can join us on Tuesday, Thursday or Saturday to S\u00f5rve peninsula tour. Bus takes you and bikes 10.00 from Kuressaare Kuursaal to the S\u00f5rve lighthouse. Cycling distance is about 57 kilometers.<\/p>\n\n\n\n<p><\/p>\n\n\n\n<p class=\"has-black-color has-text-color has-medium-font-size\">In any other case or wish contact us.<\/p>\n\n\n\n<p class=\"has-black-color has-text-color has-medium-font-size\"><\/p>\n\n\n\n<h2 class=\"wp-block-heading\">Price<\/h2>\n\n\n\n<p class=\"has-black-color has-text-color has-medium-font-size\"><strong>30\u20ac per person<\/strong> (min 2 people) <br>You can also rent bike for 18\u20ac<\/p>\n\n\n\n<p><\/p>\n\n\n\n<h2 class=\"wp-block-heading\">Price includes<\/h2>\n\n\n\n<p class=\"has-black-color has-text-color has-medium-font-size\">Transport of bikes and people<br>Bottle of drinking water<\/p>\n\n\n\n<hr class=\"wp-block-separator has-css-opacity\"\/>\n\n\n\n<p>Please contact us about your wishes as we go out only if there're reservations.<\/p>\n\n\n\n<figure class=\"wp-block-image is-resized\"><a href=\"https:\/\/activelife.ee\/wp-content\/uploads\/2019\/03\/sorve-kaart.png\" target=\"_blank\" rel=\"noreferrer noopener\"><img loading=\"lazy\" decoding=\"async\" src=\"https:\/\/activelife.ee\/wp-content\/uploads\/2019\/03\/sorve-kaart-724x1024.png\" alt=\"\" class=\"wp-image-1468\" width=\"771\" height=\"1089\" srcset=\"https:\/\/activelife.ee\/wp-content\/uploads\/2019\/03\/sorve-kaart-724x1024.png 724w, https:\/\/activelife.ee\/wp-content\/uploads\/2019\/03\/sorve-kaart-212x300.png 212w, https:\/\/activelife.ee\/wp-content\/uploads\/2019\/03\/sorve-kaart-768x1086.png 768w, https:\/\/activelife.ee\/wp-content\/uploads\/2019\/03\/sorve-kaart-106x150.png 106w, https:\/\/activelife.ee\/wp-content\/uploads\/2019\/03\/sorve-kaart-495x700.png 495w, https:\/\/activelife.ee\/wp-content\/uploads\/2019\/03\/sorve-kaart.png 794w\" sizes=\"auto, (max-width: 771px) 100vw, 771px\" \/><\/a><\/figure>\n\n\n\n<div style=\"height:20px\" aria-hidden=\"true\" class=\"wp-block-spacer\"><\/div>","protected":false},"excerpt":{"rendered":"<p>S\u00f5rve rattaring Soovid avastada Saaremaad jalgrattal, aga vahemaad on liiga pikad? Pakume transporti jalgratastele ja matkahuvilistele. V\u00f5imalus on \u00fchineda teisip\u00e4eval, neljap\u00e4eval ja laup\u00e4eval S\u00f5rve poolsaare rings\u00f5idule algusega kell 10.00 Kuursaali k\u00f5rvalt. S\u00f5idame otse S\u00f5rve majakani ja sealt on v\u00f5imalik alustada rattamatka m\u00f6\u00f6da poolsaare l\u00e4\u00e4nekallast ning j\u00f5uda l\u00f5puks tagasi Kuressaarde. Muu transpordisoovi korral v\u00f5ta meiega \u00fchendust. Hind 30\u20ac inimene (min 2 in) Soovi korral saad meilt jalgratta rentida 18\u20ac eest Hind sisaldab Inimeste ja jalgrataste transportiVeepudelit [&hellip;]<\/p>\n","protected":false},"author":1,"featured_media":0,"parent":0,"menu_order":0,"comment_status":"closed","ping_status":"closed","template":"","meta":{"two_page_speed":[],"footnotes":""},"class_list":["post-1169","page","type-page","status-publish","hentry"],"yoast_head":"<!-- This site is optimized with the Yoast SEO plugin v27.3 - https:\/\/yoast.com\/product\/yoast-seo-wordpress\/ -->\n<title>Jalgratastega Saaremaal | Active Life<\/title>\n<meta name=\"description\" content=\"Self-guided bike tour in Saaremaa, S\u00f5rve peninsula\" \/>\n<meta name=\"robots\" content=\"index, follow, max-snippet:-1, max-image-preview:large, max-video-preview:-1\" \/>\n<link rel=\"canonical\" href=\"https:\/\/activelife.ee\/en\/saaremaalrattaga\/\" \/>\n<meta property=\"og:locale\" content=\"en_GB\" \/>\n<meta property=\"og:type\" content=\"article\" \/>\n<meta property=\"og:title\" content=\"Jalgratastega Saaremaal | Active Life\" \/>\n<meta property=\"og:description\" content=\"Self-guided bike tour in Saaremaa, S\u00f5rve peninsula\" \/>\n<meta property=\"og:url\" content=\"https:\/\/activelife.ee\/en\/saaremaalrattaga\/\" \/>\n<meta property=\"og:site_name\" content=\"Active Life\" \/>\n<meta property=\"article:publisher\" content=\"https:\/\/www.facebook.com\/activelifetours\" \/>\n<meta property=\"article:modified_time\" content=\"2023-07-27T19:33:14+00:00\" \/>\n<meta property=\"og:image\" content=\"https:\/\/activelife.ee\/wp-content\/uploads\/2019\/03\/sorve-kaart-724x1024.png\" \/>\n<meta name=\"twitter:card\" content=\"summary_large_image\" \/>\n<meta name=\"twitter:site\" content=\"@ActiveLifeTours\" \/>\n<meta name=\"twitter:label1\" content=\"Estimated reading time\" \/>\n\t<meta name=\"twitter:data1\" content=\"1 minute\" \/>\n<script type=\"application\/ld+json\" class=\"yoast-schema-graph\">{\"@context\":\"https:\\\/\\\/schema.org\",\"@graph\":[{\"@type\":\"WebPage\",\"@id\":\"https:\\\/\\\/activelife.ee\\\/saaremaalrattaga\\\/\",\"url\":\"https:\\\/\\\/activelife.ee\\\/saaremaalrattaga\\\/\",\"name\":\"Jalgratastega Saaremaal | Active Life\",\"isPartOf\":{\"@id\":\"https:\\\/\\\/activelife.ee\\\/#website\"},\"primaryImageOfPage\":{\"@id\":\"https:\\\/\\\/activelife.ee\\\/saaremaalrattaga\\\/#primaryimage\"},\"image\":{\"@id\":\"https:\\\/\\\/activelife.ee\\\/saaremaalrattaga\\\/#primaryimage\"},\"thumbnailUrl\":\"https:\\\/\\\/activelife.ee\\\/wp-content\\\/uploads\\\/2019\\\/03\\\/sorve-kaart-724x1024.png\",\"datePublished\":\"2019-01-26T20:46:57+00:00\",\"dateModified\":\"2023-07-27T19:33:14+00:00\",\"description\":\"Self-guided bike tour in Saaremaa, S\u00f5rve peninsula\",\"breadcrumb\":{\"@id\":\"https:\\\/\\\/activelife.ee\\\/saaremaalrattaga\\\/#breadcrumb\"},\"inLanguage\":\"en-GB\",\"potentialAction\":[{\"@type\":\"ReadAction\",\"target\":[\"https:\\\/\\\/activelife.ee\\\/saaremaalrattaga\\\/\"]}]},{\"@type\":\"ImageObject\",\"inLanguage\":\"en-GB\",\"@id\":\"https:\\\/\\\/activelife.ee\\\/saaremaalrattaga\\\/#primaryimage\",\"url\":\"https:\\\/\\\/activelife.ee\\\/wp-content\\\/uploads\\\/2019\\\/03\\\/sorve-kaart-724x1024.png\",\"contentUrl\":\"https:\\\/\\\/activelife.ee\\\/wp-content\\\/uploads\\\/2019\\\/03\\\/sorve-kaart-724x1024.png\"},{\"@type\":\"BreadcrumbList\",\"@id\":\"https:\\\/\\\/activelife.ee\\\/saaremaalrattaga\\\/#breadcrumb\",\"itemListElement\":[{\"@type\":\"ListItem\",\"position\":1,\"name\":\"Home\",\"item\":\"https:\\\/\\\/activelife.ee\\\/\"},{\"@type\":\"ListItem\",\"position\":2,\"name\":\"Jalgratastega Saaremaal\"}]},{\"@type\":\"WebSite\",\"@id\":\"https:\\\/\\\/activelife.ee\\\/#website\",\"url\":\"https:\\\/\\\/activelife.ee\\\/\",\"name\":\"Active Life\",\"description\":\"\",\"publisher\":{\"@id\":\"https:\\\/\\\/activelife.ee\\\/#organization\"},\"potentialAction\":[{\"@type\":\"SearchAction\",\"target\":{\"@type\":\"EntryPoint\",\"urlTemplate\":\"https:\\\/\\\/activelife.ee\\\/?s={search_term_string}\"},\"query-input\":{\"@type\":\"PropertyValueSpecification\",\"valueRequired\":true,\"valueName\":\"search_term_string\"}}],\"inLanguage\":\"en-GB\"},{\"@type\":\"Organization\",\"@id\":\"https:\\\/\\\/activelife.ee\\\/#organization\",\"name\":\"Active Life\",\"url\":\"https:\\\/\\\/activelife.ee\\\/\",\"logo\":{\"@type\":\"ImageObject\",\"inLanguage\":\"en-GB\",\"@id\":\"https:\\\/\\\/activelife.ee\\\/#\\\/schema\\\/logo\\\/image\\\/\",\"url\":\"https:\\\/\\\/activelife.ee\\\/wp-content\\\/uploads\\\/2017\\\/03\\\/Logo_L.png\",\"contentUrl\":\"https:\\\/\\\/activelife.ee\\\/wp-content\\\/uploads\\\/2017\\\/03\\\/Logo_L.png\",\"width\":360,\"height\":60,\"caption\":\"Active Life\"},\"image\":{\"@id\":\"https:\\\/\\\/activelife.ee\\\/#\\\/schema\\\/logo\\\/image\\\/\"},\"sameAs\":[\"https:\\\/\\\/www.facebook.com\\\/activelifetours\",\"https:\\\/\\\/x.com\\\/ActiveLifeTours\",\"https:\\\/\\\/www.instagram.com\\\/saaremaadaytours\\\/\"]}]}<\/script>\n<!-- \/ Yoast SEO plugin. -->","yoast_head_json":{"title":"Jalgratastega Saaremaal | Active Life","description":"Self-guided bike tour in Saaremaa, S\u00f5rve peninsula","robots":{"index":"index","follow":"follow","max-snippet":"max-snippet:-1","max-image-preview":"max-image-preview:large","max-video-preview":"max-video-preview:-1"},"canonical":"https:\/\/activelife.ee\/en\/saaremaalrattaga\/","og_locale":"en_GB","og_type":"article","og_title":"Jalgratastega Saaremaal | Active Life","og_description":"Self-guided bike tour in Saaremaa, S\u00f5rve peninsula","og_url":"https:\/\/activelife.ee\/en\/saaremaalrattaga\/","og_site_name":"Active Life","article_publisher":"https:\/\/www.facebook.com\/activelifetours","article_modified_time":"2023-07-27T19:33:14+00:00","og_image":[{"url":"https:\/\/activelife.ee\/wp-content\/uploads\/2019\/03\/sorve-kaart-724x1024.png","type":"","width":"","height":""}],"twitter_card":"summary_large_image","twitter_site":"@ActiveLifeTours","twitter_misc":{"Estimated reading time":"1 minute"},"schema":{"@context":"https:\/\/schema.org","@graph":[{"@type":"WebPage","@id":"https:\/\/activelife.ee\/saaremaalrattaga\/","url":"https:\/\/activelife.ee\/saaremaalrattaga\/","name":"Jalgratastega Saaremaal | Active Life","isPartOf":{"@id":"https:\/\/activelife.ee\/#website"},"primaryImageOfPage":{"@id":"https:\/\/activelife.ee\/saaremaalrattaga\/#primaryimage"},"image":{"@id":"https:\/\/activelife.ee\/saaremaalrattaga\/#primaryimage"},"thumbnailUrl":"https:\/\/activelife.ee\/wp-content\/uploads\/2019\/03\/sorve-kaart-724x1024.png","datePublished":"2019-01-26T20:46:57+00:00","dateModified":"2023-07-27T19:33:14+00:00","description":"Self-guided bike tour in Saaremaa, S\u00f5rve peninsula","breadcrumb":{"@id":"https:\/\/activelife.ee\/saaremaalrattaga\/#breadcrumb"},"inLanguage":"en-GB","potentialAction":[{"@type":"ReadAction","target":["https:\/\/activelife.ee\/saaremaalrattaga\/"]}]},{"@type":"ImageObject","inLanguage":"en-GB","@id":"https:\/\/activelife.ee\/saaremaalrattaga\/#primaryimage","url":"https:\/\/activelife.ee\/wp-content\/uploads\/2019\/03\/sorve-kaart-724x1024.png","contentUrl":"https:\/\/activelife.ee\/wp-content\/uploads\/2019\/03\/sorve-kaart-724x1024.png"},{"@type":"BreadcrumbList","@id":"https:\/\/activelife.ee\/saaremaalrattaga\/#breadcrumb","itemListElement":[{"@type":"ListItem","position":1,"name":"Home","item":"https:\/\/activelife.ee\/"},{"@type":"ListItem","position":2,"name":"Jalgratastega Saaremaal"}]},{"@type":"WebSite","@id":"https:\/\/activelife.ee\/#website","url":"https:\/\/activelife.ee\/","name":"Active Life","description":"","publisher":{"@id":"https:\/\/activelife.ee\/#organization"},"potentialAction":[{"@type":"SearchAction","target":{"@type":"EntryPoint","urlTemplate":"https:\/\/activelife.ee\/?s={search_term_string}"},"query-input":{"@type":"PropertyValueSpecification","valueRequired":true,"valueName":"search_term_string"}}],"inLanguage":"en-GB"},{"@type":"Organization","@id":"https:\/\/activelife.ee\/#organization","name":"Active Life","url":"https:\/\/activelife.ee\/","logo":{"@type":"ImageObject","inLanguage":"en-GB","@id":"https:\/\/activelife.ee\/#\/schema\/logo\/image\/","url":"https:\/\/activelife.ee\/wp-content\/uploads\/2017\/03\/Logo_L.png","contentUrl":"https:\/\/activelife.ee\/wp-content\/uploads\/2017\/03\/Logo_L.png","width":360,"height":60,"caption":"Active Life"},"image":{"@id":"https:\/\/activelife.ee\/#\/schema\/logo\/image\/"},"sameAs":["https:\/\/www.facebook.com\/activelifetours","https:\/\/x.com\/ActiveLifeTours","https:\/\/www.instagram.com\/saaremaadaytours\/"]}]}},"jetpack_sharing_enabled":true,"_links":{"self":[{"href":"https:\/\/activelife.ee\/en\/wp-json\/wp\/v2\/pages\/1169","targetHints":{"allow":["GET"]}}],"collection":[{"href":"https:\/\/activelife.ee\/en\/wp-json\/wp\/v2\/pages"}],"about":[{"href":"https:\/\/activelife.ee\/en\/wp-json\/wp\/v2\/types\/page"}],"author":[{"embeddable":true,"href":"https:\/\/activelife.ee\/en\/wp-json\/wp\/v2\/users\/1"}],"replies":[{"embeddable":true,"href":"https:\/\/activelife.ee\/en\/wp-json\/wp\/v2\/comments?post=1169"}],"version-history":[{"count":5,"href":"https:\/\/activelife.ee\/en\/wp-json\/wp\/v2\/pages\/1169\/revisions"}],"predecessor-version":[{"id":2520,"href":"https:\/\/activelife.ee\/en\/wp-json\/wp\/v2\/pages\/1169\/revisions\/2520"}],"wp:attachment":[{"href":"https:\/\/activelife.ee\/en\/wp-json\/wp\/v2\/media?parent=1169"}],"curies":[{"name":"wp","href":"https:\/\/api.w.org\/{rel}","templated":true}]}}