{"id":1048,"date":"2019-01-22T12:51:15","date_gmt":"2019-01-22T10:51:15","guid":{"rendered":"https:\/\/activelife.ee\/?page_id=1048"},"modified":"2023-01-02T14:27:11","modified_gmt":"2023-01-02T11:27:11","slug":"rent","status":"publish","type":"page","link":"https:\/\/activelife.ee\/en\/rent\/","title":{"rendered":"Equipment rental"},"content":{"rendered":"<div style=\"height:20px\" aria-hidden=\"true\" class=\"wp-block-spacer\"><\/div>\n\n\n\n<p>Active Life pakub rendiks aastaringselt jalgrattaid ja suvehooajal paate lossi vallikraavis. Suvel avame Kuressaare Kuursaali k\u00f5rval oma v\u00e4likontori, v\u00e4ljaspool hooaega toimetame rattad majutuskohta v\u00f5i leiate need turismiinfost.<\/p>\n\n\n\n<p><strong>Take a look:<\/strong><br><a href=\"https:\/\/activelife.ee\/en\/rattarent\/\">Bikes<\/a><br><a href=\"https:\/\/activelife.ee\/en\/paadirent\/\">Boats<\/a><\/p>\n\n\n\n<div style=\"height:20px\" aria-hidden=\"true\" class=\"wp-block-spacer\"><\/div>","protected":false},"excerpt":{"rendered":"<p>Active Life pakub rendiks aastaringselt jalgrattaid ja suvehooajal paate lossi vallikraavis. Suvel avame Kuressaare Kuursaali k\u00f5rval oma v\u00e4likontori, v\u00e4ljaspool hooaega toimetame rattad majutuskohta v\u00f5i leiate need turismiinfost. Vaata l\u00e4hemalt:JalgrattadPaadid<\/p>","protected":false},"author":1,"featured_media":0,"parent":0,"menu_order":0,"comment_status":"closed","ping_status":"closed","template":"","meta":{"two_page_speed":[],"footnotes":""},"class_list":["post-1048","page","type-page","status-publish","hentry"],"yoast_head":"<!-- This site is optimized with the Yoast SEO plugin v27.3 - https:\/\/yoast.com\/product\/yoast-seo-wordpress\/ -->\n<title>Varustuse rent | Active Life<\/title>\n<meta name=\"description\" content=\"Jalgrataste ja paatide rent Kuressaares ja Saaremaal\" \/>\n<meta name=\"robots\" content=\"index, follow, max-snippet:-1, max-image-preview:large, max-video-preview:-1\" \/>\n<link rel=\"canonical\" href=\"https:\/\/activelife.ee\/en\/rent\/\" \/>\n<meta property=\"og:locale\" content=\"en_GB\" \/>\n<meta property=\"og:type\" content=\"article\" \/>\n<meta property=\"og:title\" content=\"Varustuse rent | Active Life\" \/>\n<meta property=\"og:description\" content=\"Jalgrataste ja paatide rent Kuressaares ja Saaremaal\" \/>\n<meta property=\"og:url\" content=\"https:\/\/activelife.ee\/en\/rent\/\" \/>\n<meta property=\"og:site_name\" content=\"Active Life\" \/>\n<meta property=\"article:publisher\" content=\"https:\/\/www.facebook.com\/activelifetours\" \/>\n<meta property=\"article:modified_time\" content=\"2023-01-02T11:27:11+00:00\" \/>\n<meta property=\"og:image\" content=\"https:\/\/activelife.ee\/wp-content\/uploads\/2018\/06\/IMG_20180623_151614-scaled.jpg\" \/>\n\t<meta property=\"og:image:width\" content=\"1920\" \/>\n\t<meta property=\"og:image:height\" content=\"2560\" \/>\n\t<meta property=\"og:image:type\" content=\"image\/jpeg\" \/>\n<meta name=\"twitter:card\" content=\"summary_large_image\" \/>\n<meta name=\"twitter:site\" content=\"@ActiveLifeTours\" \/>\n<meta name=\"twitter:label1\" content=\"Estimated reading time\" \/>\n\t<meta name=\"twitter:data1\" content=\"1 minute\" \/>\n<script type=\"application\/ld+json\" class=\"yoast-schema-graph\">{\"@context\":\"https:\\\/\\\/schema.org\",\"@graph\":[{\"@type\":\"WebPage\",\"@id\":\"https:\\\/\\\/activelife.ee\\\/rent\\\/\",\"url\":\"https:\\\/\\\/activelife.ee\\\/rent\\\/\",\"name\":\"Varustuse rent | Active Life\",\"isPartOf\":{\"@id\":\"https:\\\/\\\/activelife.ee\\\/#website\"},\"datePublished\":\"2019-01-22T10:51:15+00:00\",\"dateModified\":\"2023-01-02T11:27:11+00:00\",\"description\":\"Jalgrataste ja paatide rent Kuressaares ja Saaremaal\",\"breadcrumb\":{\"@id\":\"https:\\\/\\\/activelife.ee\\\/rent\\\/#breadcrumb\"},\"inLanguage\":\"en-GB\",\"potentialAction\":[{\"@type\":\"ReadAction\",\"target\":[\"https:\\\/\\\/activelife.ee\\\/rent\\\/\"]}]},{\"@type\":\"BreadcrumbList\",\"@id\":\"https:\\\/\\\/activelife.ee\\\/rent\\\/#breadcrumb\",\"itemListElement\":[{\"@type\":\"ListItem\",\"position\":1,\"name\":\"Home\",\"item\":\"https:\\\/\\\/activelife.ee\\\/\"},{\"@type\":\"ListItem\",\"position\":2,\"name\":\"Varustuse rent\"}]},{\"@type\":\"WebSite\",\"@id\":\"https:\\\/\\\/activelife.ee\\\/#website\",\"url\":\"https:\\\/\\\/activelife.ee\\\/\",\"name\":\"Active Life\",\"description\":\"\",\"publisher\":{\"@id\":\"https:\\\/\\\/activelife.ee\\\/#organization\"},\"potentialAction\":[{\"@type\":\"SearchAction\",\"target\":{\"@type\":\"EntryPoint\",\"urlTemplate\":\"https:\\\/\\\/activelife.ee\\\/?s={search_term_string}\"},\"query-input\":{\"@type\":\"PropertyValueSpecification\",\"valueRequired\":true,\"valueName\":\"search_term_string\"}}],\"inLanguage\":\"en-GB\"},{\"@type\":\"Organization\",\"@id\":\"https:\\\/\\\/activelife.ee\\\/#organization\",\"name\":\"Active Life\",\"url\":\"https:\\\/\\\/activelife.ee\\\/\",\"logo\":{\"@type\":\"ImageObject\",\"inLanguage\":\"en-GB\",\"@id\":\"https:\\\/\\\/activelife.ee\\\/#\\\/schema\\\/logo\\\/image\\\/\",\"url\":\"https:\\\/\\\/activelife.ee\\\/wp-content\\\/uploads\\\/2017\\\/03\\\/Logo_L.png\",\"contentUrl\":\"https:\\\/\\\/activelife.ee\\\/wp-content\\\/uploads\\\/2017\\\/03\\\/Logo_L.png\",\"width\":360,\"height\":60,\"caption\":\"Active Life\"},\"image\":{\"@id\":\"https:\\\/\\\/activelife.ee\\\/#\\\/schema\\\/logo\\\/image\\\/\"},\"sameAs\":[\"https:\\\/\\\/www.facebook.com\\\/activelifetours\",\"https:\\\/\\\/x.com\\\/ActiveLifeTours\",\"https:\\\/\\\/www.instagram.com\\\/saaremaadaytours\\\/\"]}]}<\/script>\n<!-- \/ Yoast SEO plugin. -->","yoast_head_json":{"title":"Varustuse rent | Active Life","description":"Jalgrataste ja paatide rent Kuressaares ja Saaremaal","robots":{"index":"index","follow":"follow","max-snippet":"max-snippet:-1","max-image-preview":"max-image-preview:large","max-video-preview":"max-video-preview:-1"},"canonical":"https:\/\/activelife.ee\/en\/rent\/","og_locale":"en_GB","og_type":"article","og_title":"Varustuse rent | Active Life","og_description":"Jalgrataste ja paatide rent Kuressaares ja Saaremaal","og_url":"https:\/\/activelife.ee\/en\/rent\/","og_site_name":"Active Life","article_publisher":"https:\/\/www.facebook.com\/activelifetours","article_modified_time":"2023-01-02T11:27:11+00:00","og_image":[{"width":1920,"height":2560,"url":"https:\/\/activelife.ee\/wp-content\/uploads\/2018\/06\/IMG_20180623_151614-scaled.jpg","type":"image\/jpeg"}],"twitter_card":"summary_large_image","twitter_site":"@ActiveLifeTours","twitter_misc":{"Estimated reading time":"1 minute"},"schema":{"@context":"https:\/\/schema.org","@graph":[{"@type":"WebPage","@id":"https:\/\/activelife.ee\/rent\/","url":"https:\/\/activelife.ee\/rent\/","name":"Varustuse rent | Active Life","isPartOf":{"@id":"https:\/\/activelife.ee\/#website"},"datePublished":"2019-01-22T10:51:15+00:00","dateModified":"2023-01-02T11:27:11+00:00","description":"Jalgrataste ja paatide rent Kuressaares ja Saaremaal","breadcrumb":{"@id":"https:\/\/activelife.ee\/rent\/#breadcrumb"},"inLanguage":"en-GB","potentialAction":[{"@type":"ReadAction","target":["https:\/\/activelife.ee\/rent\/"]}]},{"@type":"BreadcrumbList","@id":"https:\/\/activelife.ee\/rent\/#breadcrumb","itemListElement":[{"@type":"ListItem","position":1,"name":"Home","item":"https:\/\/activelife.ee\/"},{"@type":"ListItem","position":2,"name":"Varustuse rent"}]},{"@type":"WebSite","@id":"https:\/\/activelife.ee\/#website","url":"https:\/\/activelife.ee\/","name":"Active Life","description":"","publisher":{"@id":"https:\/\/activelife.ee\/#organization"},"potentialAction":[{"@type":"SearchAction","target":{"@type":"EntryPoint","urlTemplate":"https:\/\/activelife.ee\/?s={search_term_string}"},"query-input":{"@type":"PropertyValueSpecification","valueRequired":true,"valueName":"search_term_string"}}],"inLanguage":"en-GB"},{"@type":"Organization","@id":"https:\/\/activelife.ee\/#organization","name":"Active Life","url":"https:\/\/activelife.ee\/","logo":{"@type":"ImageObject","inLanguage":"en-GB","@id":"https:\/\/activelife.ee\/#\/schema\/logo\/image\/","url":"https:\/\/activelife.ee\/wp-content\/uploads\/2017\/03\/Logo_L.png","contentUrl":"https:\/\/activelife.ee\/wp-content\/uploads\/2017\/03\/Logo_L.png","width":360,"height":60,"caption":"Active Life"},"image":{"@id":"https:\/\/activelife.ee\/#\/schema\/logo\/image\/"},"sameAs":["https:\/\/www.facebook.com\/activelifetours","https:\/\/x.com\/ActiveLifeTours","https:\/\/www.instagram.com\/saaremaadaytours\/"]}]}},"jetpack_sharing_enabled":true,"_links":{"self":[{"href":"https:\/\/activelife.ee\/en\/wp-json\/wp\/v2\/pages\/1048","targetHints":{"allow":["GET"]}}],"collection":[{"href":"https:\/\/activelife.ee\/en\/wp-json\/wp\/v2\/pages"}],"about":[{"href":"https:\/\/activelife.ee\/en\/wp-json\/wp\/v2\/types\/page"}],"author":[{"embeddable":true,"href":"https:\/\/activelife.ee\/en\/wp-json\/wp\/v2\/users\/1"}],"replies":[{"embeddable":true,"href":"https:\/\/activelife.ee\/en\/wp-json\/wp\/v2\/comments?post=1048"}],"version-history":[{"count":5,"href":"https:\/\/activelife.ee\/en\/wp-json\/wp\/v2\/pages\/1048\/revisions"}],"predecessor-version":[{"id":2439,"href":"https:\/\/activelife.ee\/en\/wp-json\/wp\/v2\/pages\/1048\/revisions\/2439"}],"wp:attachment":[{"href":"https:\/\/activelife.ee\/en\/wp-json\/wp\/v2\/media?parent=1048"}],"curies":[{"name":"wp","href":"https:\/\/api.w.org\/{rel}","templated":true}]}}